{"id":82,"date":"2019-08-26T21:43:48","date_gmt":"2019-08-26T21:43:48","guid":{"rendered":"https:\/\/www.vocalgroupmirt.com\/?page_id=82"},"modified":"2024-06-26T20:06:51","modified_gmt":"2024-06-26T20:06:51","slug":"programmid","status":"publish","type":"page","link":"https:\/\/vocalgroupmirt.com\/eng\/programmid\/","title":{"rendered":"Programs"},"content":{"rendered":"<div class=\"wp-block-columns has-2-columns is-layout-flex wp-container-core-columns-is-layout-1 wp-block-columns-is-layout-flex\">\n<div class=\"wp-block-column is-layout-flow wp-block-column-is-layout-flow\">\n<p class=\" translation-block\"><strong><em>Back to the roots<\/em><\/strong> program consists of folk music. There are both: orginals inspired by Estonian folk music and arrangements of aboriginal songs. The program fits in different kind of occasions and is perfect for introducing Estonian culture and music.<\/p>\n<\/div>\n\n\n\n<div class=\"wp-block-column is-layout-flow wp-block-column-is-layout-flow\">\n<p><strong><em>Oh, I know the song<\/em><\/strong> program consists of pop music. There are both: <em>covers of well-known pop songs and also original pop songs. If you have listened to our album you can sing along the whole concert with us.<\/em>id  k\u00f5igile teada-tuntud lugudest kui ka popiliku k\u00f5laga omaloomingulised  lood. Kes on meie albumit kuulanud, see saab lausa terve kontserdi kaasa  laulda.  <\/p>\n<\/div>\n<\/div>\n\n\n\n<div class=\"wp-block-columns has-2-columns is-layout-flex wp-container-core-columns-is-layout-2 wp-block-columns-is-layout-flex\">\n<div class=\"wp-block-column is-layout-flow wp-block-column-is-layout-flow\">\n<figure class=\"wp-block-image size-large\"><img loading=\"lazy\" decoding=\"async\" width=\"1024\" height=\"683\" src=\"https:\/\/www.vocalgroupmirt.com\/wp-content\/uploads\/2024\/06\/DSC01950-Enhanced-NR-1024x683.jpg\" alt=\"\" class=\"wp-image-500\" srcset=\"https:\/\/www.vocalgroupmirt.com\/wp-content\/uploads\/2024\/06\/DSC01950-Enhanced-NR-1024x683.jpg 1024w, https:\/\/www.vocalgroupmirt.com\/wp-content\/uploads\/2024\/06\/DSC01950-Enhanced-NR-300x200.jpg 300w, https:\/\/www.vocalgroupmirt.com\/wp-content\/uploads\/2024\/06\/DSC01950-Enhanced-NR-768x512.jpg 768w, https:\/\/www.vocalgroupmirt.com\/wp-content\/uploads\/2024\/06\/DSC01950-Enhanced-NR-1536x1024.jpg 1536w, https:\/\/www.vocalgroupmirt.com\/wp-content\/uploads\/2024\/06\/DSC01950-Enhanced-NR-2048x1365.jpg 2048w, https:\/\/www.vocalgroupmirt.com\/wp-content\/uploads\/2024\/06\/DSC01950-Enhanced-NR-16x12.jpg 16w\" sizes=\"(max-width: 1024px) 100vw, 1024px\" \/><\/figure>\n<\/div>\n\n\n\n<div class=\"wp-block-column is-layout-flow wp-block-column-is-layout-flow\">\n<p><strong><em>All colours of Mirt<\/em><\/strong>  program has both Estonian folk music and pop songs. In this program we have all the colours and shades of Mirt and the music is varied. We can perform a full concert or put together our most catchy songs for energetic entertainment at an event. Also we can give a concert only in Estonian - folk and pop music originals, arrangements of aboriginal songs and well-known pop songs.<\/p>\n\n\n\n<p><\/p>\n<\/div>\n<\/div>","protected":false},"excerpt":{"rendered":"<p>&#8220;Tagasi juurte juurde&#8221; programm koosneb folkmuusikast. Programmi kuuluvad nii folgiliku k\u00f5laga omaloomingulised lood kui ka algup\u00e4raste rahvaviiside t\u00f6\u00f6tlused. Kava sobib suurep\u00e4raselt k\u00f5iksugustele rahvusliku joonega \u00fcritustele ja pidudele, samuti meie kultuuri<a href=\"https:\/\/vocalgroupmirt.com\/eng\/programmid\/\" class=\"more-link\"><span class=\"readmore\">Continue reading<span class=\"screen-reader-text\">Programs<\/span><\/span><\/a><\/p>","protected":false},"author":1,"featured_media":0,"parent":0,"menu_order":0,"comment_status":"closed","ping_status":"closed","template":"","meta":{"footnotes":""},"class_list":["post-82","page","type-page","status-publish","hentry"],"_links":{"self":[{"href":"https:\/\/vocalgroupmirt.com\/eng\/wp-json\/wp\/v2\/pages\/82"}],"collection":[{"href":"https:\/\/vocalgroupmirt.com\/eng\/wp-json\/wp\/v2\/pages"}],"about":[{"href":"https:\/\/vocalgroupmirt.com\/eng\/wp-json\/wp\/v2\/types\/page"}],"author":[{"embeddable":true,"href":"https:\/\/vocalgroupmirt.com\/eng\/wp-json\/wp\/v2\/users\/1"}],"replies":[{"embeddable":true,"href":"https:\/\/vocalgroupmirt.com\/eng\/wp-json\/wp\/v2\/comments?post=82"}],"version-history":[{"count":5,"href":"https:\/\/vocalgroupmirt.com\/eng\/wp-json\/wp\/v2\/pages\/82\/revisions"}],"predecessor-version":[{"id":501,"href":"https:\/\/vocalgroupmirt.com\/eng\/wp-json\/wp\/v2\/pages\/82\/revisions\/501"}],"wp:attachment":[{"href":"https:\/\/vocalgroupmirt.com\/eng\/wp-json\/wp\/v2\/media?parent=82"}],"curies":[{"name":"wp","href":"https:\/\/api.w.org\/{rel}","templated":true}]}}